{"id":2374,"date":"2021-12-28T11:26:40","date_gmt":"2021-12-28T10:26:40","guid":{"rendered":"http:\/\/196.32.217.19\/~mediz\/%d9%85%d9%86%d8%aa%d8%ac%d8%a7%d8%aa%d9%86%d8%a7\/"},"modified":"2022-02-03T20:21:33","modified_gmt":"2022-02-03T19:21:33","slug":"%d9%85%d9%86%d8%aa%d8%ac%d8%a7%d8%aa%d9%86%d8%a7","status":"publish","type":"page","link":"https:\/\/www.crediz.ma\/ar\/%d9%85%d9%86%d8%aa%d8%ac%d8%a7%d8%aa%d9%86%d8%a7\/","title":{"rendered":"\u0645\u0646\u062a\u062c\u0627\u062a\u0646\u0627"},"content":{"rendered":"\t\t<div data-elementor-type=\"wp-page\" data-elementor-id=\"2374\" class=\"elementor elementor-2374 elementor-13\">\n\t\t\t\t\t\t\t\t\t<section class=\"elementor-section elementor-top-section elementor-element elementor-element-12961175 elementor-section-boxed elementor-section-height-default elementor-section-height-default\" data-id=\"12961175\" data-element_type=\"section\">\n\t\t\t\t\t\t<div class=\"elementor-container elementor-column-gap-default\">\n\t\t\t\t\t<div class=\"elementor-column elementor-col-100 elementor-top-column elementor-element elementor-element-33efc2a5\" data-id=\"33efc2a5\" data-element_type=\"column\">\n\t\t\t<div class=\"elementor-widget-wrap elementor-element-populated\">\n\t\t\t\t\t\t\t\t<div class=\"elementor-element elementor-element-6fe33cd elementor-widget elementor-widget-emb_archives\" data-id=\"6fe33cd\" data-element_type=\"widget\" data-widget_type=\"emb_archives.default\">\n\t\t\t\t<div class=\"elementor-widget-container\">\n\t\t\t<div>\n           \n            \n            \n            <div id=\"ajax__content\" class=\"module__wrapper produits__wrapper\" data-mod=\"produits\"><a href=\"https:\/\/www.crediz.ma\/ar\/produit\/%d8%a7%d9%84%d9%82%d8%b1%d8%b6-%d8%a7%d9%84%d8%b4%d8%ae%d8%b5%d9%8a\/\" target=\"\" class=\"vignette \">\n\t\t\t\t\t\t\t\t<picture>\n\t\t\t\t\t\t\t\t\t<source srcset=\"https:\/\/www.crediz.ma\/wp-content\/uploads\/2022\/10\/credit-personnel-Crediz-4.jpg.webp\" type=\"image\/webp\">\n\t\t\t\t\t\t\t\t\t<source srcset=\"https:\/\/www.crediz.ma\/wp-content\/uploads\/2022\/10\/credit-personnel-Crediz-4.jpg\" type=\"image\/jpeg\">\n\t\t\t\t\t\t\t\t\t<img decoding=\"async\" src=\"https:\/\/www.crediz.ma\/wp-content\/uploads\/2022\/10\/credit-personnel-Crediz-4.jpg\" alt=\"\u0627\u0644\u0642\u0631\u0636 \u0627\u0644\u0634\u062e\u0635\u064a\">\n\t\t\t\t\t\t\t\t<\/picture>\n\t\n\t\t\t\t\t\t\t\t<div class=\"vignette__info\">\n\t\t\t\t\t\t\t\t\t<h4>\u0627\u0644\u0642\u0631\u0636 \u0627\u0644\u0634\u062e\u0635\u064a<\/h4>\n\t\t\t\t\t\t\t\t<\/div>\n\t\t\t\t\t\t\t<\/a><a href=\"https:\/\/www.crediz.ma\/ar\/produit\/%d9%82%d8%b1%d8%b6-%d8%a7%d9%84%d8%b3%d9%8a%d8%a7%d8%b1%d8%a9\/\" target=\"\" class=\"vignette \">\n\t\t\t\t\t\t\t\t<picture>\n\t\t\t\t\t\t\t\t\t<source srcset=\"https:\/\/www.crediz.ma\/wp-content\/uploads\/2022\/10\/credit-automobile-Crediz.jpg.webp\" type=\"image\/webp\">\n\t\t\t\t\t\t\t\t\t<source srcset=\"https:\/\/www.crediz.ma\/wp-content\/uploads\/2022\/10\/credit-automobile-Crediz.jpg\" type=\"image\/jpeg\">\n\t\t\t\t\t\t\t\t\t<img decoding=\"async\" src=\"https:\/\/www.crediz.ma\/wp-content\/uploads\/2022\/10\/credit-automobile-Crediz.jpg\" alt=\"\u0642\u0631\u0636 \u0627\u0644\u0633\u064a\u0627\u0631\u0629\">\n\t\t\t\t\t\t\t\t<\/picture>\n\t\n\t\t\t\t\t\t\t\t<div class=\"vignette__info\">\n\t\t\t\t\t\t\t\t\t<h4>\u0642\u0631\u0636 \u0627\u0644\u0633\u064a\u0627\u0631\u0629<\/h4>\n\t\t\t\t\t\t\t\t<\/div>\n\t\t\t\t\t\t\t<\/a><a href=\"https:\/\/www.crediz.ma\/ar\/produit\/%d8%a7%d9%84%d8%a5%d9%8a%d8%ac%d8%a7%d8%b1-%d9%85%d8%b9-%d8%a5%d9%85%d9%83%d8%a7%d9%86%d9%8a%d8%a9-%d8%a7%d9%84%d8%b4%d8%b1%d8%a7%d8%a1\/\" target=\"\" class=\"vignette \">\n\t\t\t\t\t\t\t\t<picture>\n\t\t\t\t\t\t\t\t\t<source srcset=\"https:\/\/www.crediz.ma\/wp-content\/uploads\/2022\/10\/credit-LOA-Crediz-2.jpg.webp\" type=\"image\/webp\">\n\t\t\t\t\t\t\t\t\t<source srcset=\"https:\/\/www.crediz.ma\/wp-content\/uploads\/2022\/10\/credit-LOA-Crediz-2.jpg\" type=\"image\/jpeg\">\n\t\t\t\t\t\t\t\t\t<img decoding=\"async\" src=\"https:\/\/www.crediz.ma\/wp-content\/uploads\/2022\/10\/credit-LOA-Crediz-2.jpg\" alt=\"\u0627\u0644\u0625\u064a\u062c\u0627\u0631 \u0645\u0639 \u0625\u0645\u0643\u0627\u0646\u064a\u0629 \u0627\u0644\u0634\u0631\u0627\u0621\">\n\t\t\t\t\t\t\t\t<\/picture>\n\t\n\t\t\t\t\t\t\t\t<div class=\"vignette__info\">\n\t\t\t\t\t\t\t\t\t<h4>\u0627\u0644\u0625\u064a\u062c\u0627\u0631 \u0645\u0639 \u0625\u0645\u0643\u0627\u0646\u064a\u0629 \u0627\u0644\u0634\u0631\u0627\u0621<\/h4>\n\t\t\t\t\t\t\t\t<\/div>\n\t\t\t\t\t\t\t<\/a><a href=\"https:\/\/www.crediz.ma\/ar\/produit\/%d8%aa%d8%ac%d9%85%d9%8a%d8%b9-%d8%a7%d9%84%d9%82%d8%b1%d9%88%d8%b6\/\" target=\"\" class=\"vignette \">\n\t\t\t\t\t\t\t\t<picture>\n\t\t\t\t\t\t\t\t\t<source srcset=\"https:\/\/www.crediz.ma\/wp-content\/uploads\/2022\/10\/regroupement-credit-Crediz-3.jpg.webp\" type=\"image\/webp\">\n\t\t\t\t\t\t\t\t\t<source srcset=\"https:\/\/www.crediz.ma\/wp-content\/uploads\/2022\/10\/regroupement-credit-Crediz-3.jpg\" type=\"image\/jpeg\">\n\t\t\t\t\t\t\t\t\t<img decoding=\"async\" src=\"https:\/\/www.crediz.ma\/wp-content\/uploads\/2022\/10\/regroupement-credit-Crediz-3.jpg\" alt=\"\u062a\u062c\u0645\u064a\u0639 \u0627\u0644\u0642\u0631\u0648\u0636\">\n\t\t\t\t\t\t\t\t<\/picture>\n\t\n\t\t\t\t\t\t\t\t<div class=\"vignette__info\">\n\t\t\t\t\t\t\t\t\t<h4>\u062a\u062c\u0645\u064a\u0639 \u0627\u0644\u0642\u0631\u0648\u0636<\/h4>\n\t\t\t\t\t\t\t\t<\/div>\n\t\t\t\t\t\t\t<\/a><a href=\"https:\/\/www.crediz.ma\/ar\/produit\/%d9%82%d8%b1%d8%b6-%d8%a7%d9%84%d8%aa%d8%ac%d9%87%d9%8a%d8%b2-%d8%a7%d9%84%d9%85%d9%86%d8%b2%d9%84%d9%8a\/\" target=\"\" class=\"vignette \">\n\t\t\t\t\t\t\t\t<picture>\n\t\t\t\t\t\t\t\t\t<source srcset=\"https:\/\/www.crediz.ma\/wp-content\/uploads\/2022\/10\/credit-equipement-Crediz-2.jpg.webp\" type=\"image\/webp\">\n\t\t\t\t\t\t\t\t\t<source srcset=\"https:\/\/www.crediz.ma\/wp-content\/uploads\/2022\/10\/credit-equipement-Crediz-2.jpg\" type=\"image\/jpeg\">\n\t\t\t\t\t\t\t\t\t<img decoding=\"async\" src=\"https:\/\/www.crediz.ma\/wp-content\/uploads\/2022\/10\/credit-equipement-Crediz-2.jpg\" alt=\"\u0642\u0631\u0636 \u0627\u0644\u062a\u062c\u0647\u064a\u0632 \u0627\u0644\u0645\u0646\u0632\u0644\u064a\">\n\t\t\t\t\t\t\t\t<\/picture>\n\t\n\t\t\t\t\t\t\t\t<div class=\"vignette__info\">\n\t\t\t\t\t\t\t\t\t<h4>\u0642\u0631\u0636 \u0627\u0644\u062a\u062c\u0647\u064a\u0632 \u0627\u0644\u0645\u0646\u0632\u0644\u064a<\/h4>\n\t\t\t\t\t\t\t\t<\/div>\n\t\t\t\t\t\t\t<\/a><a href=\"https:\/\/www.crediz.ma\/ar\/produit\/%d8%a7%d9%84%d9%82%d8%b1%d8%b6-%d8%a7%d9%84%d8%a5%d9%8a%d8%ac%d8%a7%d8%b1%d9%8a\/\" target=\"\" class=\"vignette \">\n\t\t\t\t\t\t\t\t<picture>\n\t\t\t\t\t\t\t\t\t<source srcset=\"https:\/\/www.crediz.ma\/wp-content\/uploads\/2022\/10\/leasing-Crediz-2.jpg.webp\" type=\"image\/webp\">\n\t\t\t\t\t\t\t\t\t<source srcset=\"https:\/\/www.crediz.ma\/wp-content\/uploads\/2022\/10\/leasing-Crediz-2.jpg\" type=\"image\/jpeg\">\n\t\t\t\t\t\t\t\t\t<img decoding=\"async\" src=\"https:\/\/www.crediz.ma\/wp-content\/uploads\/2022\/10\/leasing-Crediz-2.jpg\" alt=\"\u0627\u0644\u0642\u0631\u0636 \u0627\u0644\u0625\u064a\u062c\u0627\u0631\u064a\">\n\t\t\t\t\t\t\t\t<\/picture>\n\t\n\t\t\t\t\t\t\t\t<div class=\"vignette__info\">\n\t\t\t\t\t\t\t\t\t<h4>\u0627\u0644\u0642\u0631\u0636 \u0627\u0644\u0625\u064a\u062c\u0627\u0631\u064a<\/h4>\n\t\t\t\t\t\t\t\t<\/div>\n\t\t\t\t\t\t\t<\/a><\/div><\/div>\t\t<\/div>\n\t\t\t\t<\/div>\n\t\t\t\t\t<\/div>\n\t\t<\/div>\n\t\t\t\t\t\t\t<\/div>\n\t\t<\/section>\n\t\t\t\t\t\t\t<\/div>\n\t\t","protected":false},"excerpt":{"rendered":"<p>Cr\u00e9dit personnel Cr\u00e9dit Auto Cr\u00e9dit auto LOA Cr\u00e9dit \u00e9quipement Regroupement des cr\u00e9dits Cr\u00e9dit personnel ANA WYAK Offre ANA WYAK Offre Fonctionnaires 2.5<\/p>\n","protected":false},"author":1,"featured_media":0,"parent":0,"menu_order":44,"comment_status":"closed","ping_status":"closed","template":"","meta":{"footnotes":""},"class_list":["post-2374","page","type-page","status-publish","hentry"],"acf":{"afficher_le_sous_menu":true},"yoast_head":"<!-- This site is optimized with the Yoast SEO plugin v27.4 - https:\/\/yoast.com\/product\/yoast-seo-wordpress\/ -->\n<title>\u0645\u0646\u062a\u062c\u0627\u062a\u0646\u0627 - Crediz<\/title>\n<meta name=\"robots\" content=\"index, follow, max-snippet:-1, max-image-preview:large, max-video-preview:-1\" \/>\n<link rel=\"canonical\" href=\"https:\/\/www.crediz.ma\/ar\/%d9%85%d9%86%d8%aa%d8%ac%d8%a7%d8%aa%d9%86%d8%a7\/\" \/>\n<meta property=\"og:locale\" content=\"ar_AR\" \/>\n<meta property=\"og:type\" content=\"article\" \/>\n<meta property=\"og:title\" content=\"\u0645\u0646\u062a\u062c\u0627\u062a\u0646\u0627 - Crediz\" \/>\n<meta property=\"og:description\" content=\"Cr\u00e9dit personnel Cr\u00e9dit Auto Cr\u00e9dit auto LOA Cr\u00e9dit \u00e9quipement Regroupement des cr\u00e9dits Cr\u00e9dit personnel ANA WYAK Offre ANA WYAK Offre Fonctionnaires 2.5\" \/>\n<meta property=\"og:url\" content=\"https:\/\/www.crediz.ma\/ar\/%d9%85%d9%86%d8%aa%d8%ac%d8%a7%d8%aa%d9%86%d8%a7\/\" \/>\n<meta property=\"og:site_name\" content=\"Crediz\" \/>\n<meta property=\"article:publisher\" content=\"https:\/\/www.facebook.com\/SofacMaroc\" \/>\n<meta property=\"article:modified_time\" content=\"2022-02-03T19:21:33+00:00\" \/>\n<meta property=\"og:image\" content=\"http:\/\/196.32.217.19\/~mediz\/wp-content\/uploads\/2021\/12\/v25.jpg\" \/>\n<meta name=\"twitter:card\" content=\"summary_large_image\" \/>\n<script type=\"application\/ld+json\" class=\"yoast-schema-graph\">{\"@context\":\"https:\\\/\\\/schema.org\",\"@graph\":[{\"@type\":\"WebPage\",\"@id\":\"https:\\\/\\\/www.crediz.ma\\\/ar\\\/%d9%85%d9%86%d8%aa%d8%ac%d8%a7%d8%aa%d9%86%d8%a7\\\/\",\"url\":\"https:\\\/\\\/www.crediz.ma\\\/ar\\\/%d9%85%d9%86%d8%aa%d8%ac%d8%a7%d8%aa%d9%86%d8%a7\\\/\",\"name\":\"\u0645\u0646\u062a\u062c\u0627\u062a\u0646\u0627 - Crediz\",\"isPartOf\":{\"@id\":\"https:\\\/\\\/www.crediz.ma\\\/ar\\\/#website\"},\"primaryImageOfPage\":{\"@id\":\"https:\\\/\\\/www.crediz.ma\\\/ar\\\/%d9%85%d9%86%d8%aa%d8%ac%d8%a7%d8%aa%d9%86%d8%a7\\\/#primaryimage\"},\"image\":{\"@id\":\"https:\\\/\\\/www.crediz.ma\\\/ar\\\/%d9%85%d9%86%d8%aa%d8%ac%d8%a7%d8%aa%d9%86%d8%a7\\\/#primaryimage\"},\"thumbnailUrl\":\"http:\\\/\\\/196.32.217.19\\\/~mediz\\\/wp-content\\\/uploads\\\/2021\\\/12\\\/v25.jpg\",\"datePublished\":\"2021-12-28T10:26:40+00:00\",\"dateModified\":\"2022-02-03T19:21:33+00:00\",\"breadcrumb\":{\"@id\":\"https:\\\/\\\/www.crediz.ma\\\/ar\\\/%d9%85%d9%86%d8%aa%d8%ac%d8%a7%d8%aa%d9%86%d8%a7\\\/#breadcrumb\"},\"inLanguage\":\"ar\",\"potentialAction\":[{\"@type\":\"ReadAction\",\"target\":[\"https:\\\/\\\/www.crediz.ma\\\/ar\\\/%d9%85%d9%86%d8%aa%d8%ac%d8%a7%d8%aa%d9%86%d8%a7\\\/\"]}]},{\"@type\":\"ImageObject\",\"inLanguage\":\"ar\",\"@id\":\"https:\\\/\\\/www.crediz.ma\\\/ar\\\/%d9%85%d9%86%d8%aa%d8%ac%d8%a7%d8%aa%d9%86%d8%a7\\\/#primaryimage\",\"url\":\"http:\\\/\\\/196.32.217.19\\\/~mediz\\\/wp-content\\\/uploads\\\/2021\\\/12\\\/v25.jpg\",\"contentUrl\":\"http:\\\/\\\/196.32.217.19\\\/~mediz\\\/wp-content\\\/uploads\\\/2021\\\/12\\\/v25.jpg\"},{\"@type\":\"BreadcrumbList\",\"@id\":\"https:\\\/\\\/www.crediz.ma\\\/ar\\\/%d9%85%d9%86%d8%aa%d8%ac%d8%a7%d8%aa%d9%86%d8%a7\\\/#breadcrumb\",\"itemListElement\":[{\"@type\":\"ListItem\",\"position\":1,\"name\":\"\u0627\u0644\u0631\u0626\u064a\u0633\u064a\u0629\",\"item\":\"https:\\\/\\\/www.crediz.ma\\\/ar\\\/\"},{\"@type\":\"ListItem\",\"position\":2,\"name\":\"\u0645\u0646\u062a\u062c\u0627\u062a\u0646\u0627\"}]},{\"@type\":\"WebSite\",\"@id\":\"https:\\\/\\\/www.crediz.ma\\\/ar\\\/#website\",\"url\":\"https:\\\/\\\/www.crediz.ma\\\/ar\\\/\",\"name\":\"Crediz\",\"description\":\"Simulation et demande de cr\u00e9dit 100% en ligne\",\"publisher\":{\"@id\":\"https:\\\/\\\/www.crediz.ma\\\/ar\\\/#organization\"},\"potentialAction\":[{\"@type\":\"SearchAction\",\"target\":{\"@type\":\"EntryPoint\",\"urlTemplate\":\"https:\\\/\\\/www.crediz.ma\\\/ar\\\/?s={search_term_string}\"},\"query-input\":{\"@type\":\"PropertyValueSpecification\",\"valueRequired\":true,\"valueName\":\"search_term_string\"}}],\"inLanguage\":\"ar\"},{\"@type\":\"Organization\",\"@id\":\"https:\\\/\\\/www.crediz.ma\\\/ar\\\/#organization\",\"name\":\"Sofac\",\"url\":\"https:\\\/\\\/www.crediz.ma\\\/ar\\\/\",\"logo\":{\"@type\":\"ImageObject\",\"inLanguage\":\"ar\",\"@id\":\"https:\\\/\\\/www.crediz.ma\\\/ar\\\/#\\\/schema\\\/logo\\\/image\\\/\",\"url\":\"http:\\\/\\\/196.32.217.19\\\/~mediz\\\/wp-content\\\/uploads\\\/2021\\\/12\\\/logo.png\",\"contentUrl\":\"http:\\\/\\\/196.32.217.19\\\/~mediz\\\/wp-content\\\/uploads\\\/2021\\\/12\\\/logo.png\",\"width\":393,\"height\":120,\"caption\":\"Sofac\"},\"image\":{\"@id\":\"https:\\\/\\\/www.crediz.ma\\\/ar\\\/#\\\/schema\\\/logo\\\/image\\\/\"},\"sameAs\":[\"https:\\\/\\\/www.facebook.com\\\/SofacMaroc\",\"https:\\\/\\\/www.youtube.com\\\/channel\\\/UCfbJ1FxXl91SalW9tjeQFEQ\"]}]}<\/script>\n<!-- \/ Yoast SEO plugin. -->","yoast_head_json":{"title":"\u0645\u0646\u062a\u062c\u0627\u062a\u0646\u0627 - Crediz","robots":{"index":"index","follow":"follow","max-snippet":"max-snippet:-1","max-image-preview":"max-image-preview:large","max-video-preview":"max-video-preview:-1"},"canonical":"https:\/\/www.crediz.ma\/ar\/%d9%85%d9%86%d8%aa%d8%ac%d8%a7%d8%aa%d9%86%d8%a7\/","og_locale":"ar_AR","og_type":"article","og_title":"\u0645\u0646\u062a\u062c\u0627\u062a\u0646\u0627 - Crediz","og_description":"Cr\u00e9dit personnel Cr\u00e9dit Auto Cr\u00e9dit auto LOA Cr\u00e9dit \u00e9quipement Regroupement des cr\u00e9dits Cr\u00e9dit personnel ANA WYAK Offre ANA WYAK Offre Fonctionnaires 2.5","og_url":"https:\/\/www.crediz.ma\/ar\/%d9%85%d9%86%d8%aa%d8%ac%d8%a7%d8%aa%d9%86%d8%a7\/","og_site_name":"Crediz","article_publisher":"https:\/\/www.facebook.com\/SofacMaroc","article_modified_time":"2022-02-03T19:21:33+00:00","og_image":[{"url":"http:\/\/196.32.217.19\/~mediz\/wp-content\/uploads\/2021\/12\/v25.jpg","type":"","width":"","height":""}],"twitter_card":"summary_large_image","schema":{"@context":"https:\/\/schema.org","@graph":[{"@type":"WebPage","@id":"https:\/\/www.crediz.ma\/ar\/%d9%85%d9%86%d8%aa%d8%ac%d8%a7%d8%aa%d9%86%d8%a7\/","url":"https:\/\/www.crediz.ma\/ar\/%d9%85%d9%86%d8%aa%d8%ac%d8%a7%d8%aa%d9%86%d8%a7\/","name":"\u0645\u0646\u062a\u062c\u0627\u062a\u0646\u0627 - Crediz","isPartOf":{"@id":"https:\/\/www.crediz.ma\/ar\/#website"},"primaryImageOfPage":{"@id":"https:\/\/www.crediz.ma\/ar\/%d9%85%d9%86%d8%aa%d8%ac%d8%a7%d8%aa%d9%86%d8%a7\/#primaryimage"},"image":{"@id":"https:\/\/www.crediz.ma\/ar\/%d9%85%d9%86%d8%aa%d8%ac%d8%a7%d8%aa%d9%86%d8%a7\/#primaryimage"},"thumbnailUrl":"http:\/\/196.32.217.19\/~mediz\/wp-content\/uploads\/2021\/12\/v25.jpg","datePublished":"2021-12-28T10:26:40+00:00","dateModified":"2022-02-03T19:21:33+00:00","breadcrumb":{"@id":"https:\/\/www.crediz.ma\/ar\/%d9%85%d9%86%d8%aa%d8%ac%d8%a7%d8%aa%d9%86%d8%a7\/#breadcrumb"},"inLanguage":"ar","potentialAction":[{"@type":"ReadAction","target":["https:\/\/www.crediz.ma\/ar\/%d9%85%d9%86%d8%aa%d8%ac%d8%a7%d8%aa%d9%86%d8%a7\/"]}]},{"@type":"ImageObject","inLanguage":"ar","@id":"https:\/\/www.crediz.ma\/ar\/%d9%85%d9%86%d8%aa%d8%ac%d8%a7%d8%aa%d9%86%d8%a7\/#primaryimage","url":"http:\/\/196.32.217.19\/~mediz\/wp-content\/uploads\/2021\/12\/v25.jpg","contentUrl":"http:\/\/196.32.217.19\/~mediz\/wp-content\/uploads\/2021\/12\/v25.jpg"},{"@type":"BreadcrumbList","@id":"https:\/\/www.crediz.ma\/ar\/%d9%85%d9%86%d8%aa%d8%ac%d8%a7%d8%aa%d9%86%d8%a7\/#breadcrumb","itemListElement":[{"@type":"ListItem","position":1,"name":"\u0627\u0644\u0631\u0626\u064a\u0633\u064a\u0629","item":"https:\/\/www.crediz.ma\/ar\/"},{"@type":"ListItem","position":2,"name":"\u0645\u0646\u062a\u062c\u0627\u062a\u0646\u0627"}]},{"@type":"WebSite","@id":"https:\/\/www.crediz.ma\/ar\/#website","url":"https:\/\/www.crediz.ma\/ar\/","name":"Crediz","description":"Simulation et demande de cr\u00e9dit 100% en ligne","publisher":{"@id":"https:\/\/www.crediz.ma\/ar\/#organization"},"potentialAction":[{"@type":"SearchAction","target":{"@type":"EntryPoint","urlTemplate":"https:\/\/www.crediz.ma\/ar\/?s={search_term_string}"},"query-input":{"@type":"PropertyValueSpecification","valueRequired":true,"valueName":"search_term_string"}}],"inLanguage":"ar"},{"@type":"Organization","@id":"https:\/\/www.crediz.ma\/ar\/#organization","name":"Sofac","url":"https:\/\/www.crediz.ma\/ar\/","logo":{"@type":"ImageObject","inLanguage":"ar","@id":"https:\/\/www.crediz.ma\/ar\/#\/schema\/logo\/image\/","url":"http:\/\/196.32.217.19\/~mediz\/wp-content\/uploads\/2021\/12\/logo.png","contentUrl":"http:\/\/196.32.217.19\/~mediz\/wp-content\/uploads\/2021\/12\/logo.png","width":393,"height":120,"caption":"Sofac"},"image":{"@id":"https:\/\/www.crediz.ma\/ar\/#\/schema\/logo\/image\/"},"sameAs":["https:\/\/www.facebook.com\/SofacMaroc","https:\/\/www.youtube.com\/channel\/UCfbJ1FxXl91SalW9tjeQFEQ"]}]}},"_links":{"self":[{"href":"https:\/\/www.crediz.ma\/ar\/wp-json\/wp\/v2\/pages\/2374","targetHints":{"allow":["GET"]}}],"collection":[{"href":"https:\/\/www.crediz.ma\/ar\/wp-json\/wp\/v2\/pages"}],"about":[{"href":"https:\/\/www.crediz.ma\/ar\/wp-json\/wp\/v2\/types\/page"}],"author":[{"embeddable":true,"href":"https:\/\/www.crediz.ma\/ar\/wp-json\/wp\/v2\/users\/1"}],"replies":[{"embeddable":true,"href":"https:\/\/www.crediz.ma\/ar\/wp-json\/wp\/v2\/comments?post=2374"}],"version-history":[{"count":0,"href":"https:\/\/www.crediz.ma\/ar\/wp-json\/wp\/v2\/pages\/2374\/revisions"}],"wp:attachment":[{"href":"https:\/\/www.crediz.ma\/ar\/wp-json\/wp\/v2\/media?parent=2374"}],"curies":[{"name":"wp","href":"https:\/\/api.w.org\/{rel}","templated":true}]}}